{"id":9,"date":"2013-06-15T16:31:11","date_gmt":"2013-06-15T16:31:11","guid":{"rendered":"http:\/\/localhost:80\/sitegraphvs\/?page_id=9"},"modified":"2025-09-09T11:04:16","modified_gmt":"2025-09-09T14:04:16","slug":"equipe","status":"publish","type":"page","link":"http:\/\/www.graphvs.com.br\/?page_id=9","title":{"rendered":"Equipe"},"content":{"rendered":"<p><strong>Ana Cristina Juc\u00e1 Machado, MSc<\/strong><br \/>\n<em><strong>Diretora-Gerente e Consultora &#8211; anamachado@graphvs.com.br<\/strong><\/em><\/p>\n<p>Mestre em Engenharia de Produ\u00e7\u00e3o (Produto) pela COPPE\/UFRJ. Diretora e Fundadora da GRAPHVS. Consultora na FINOBRASA, CONSOL, GRUPO MASTER, Centro Cearense de Oftalmologia (CCO). Atua tamb\u00e9m na EMBRAF Factoring. Extensa familiaridade em processos de Qualidade e Certifica\u00e7\u00e3o ISO.<\/p>\n<p><strong>Marcos Jos\u00e9 Negreiros Gomes, PD-DSc<br \/>\n<em>S\u00f3cio e Consultor &#8211; negreiro@graphvs.com.br<\/em><\/strong><\/p>\n<p>Professor, P\u00f3s-Doutor com bolsa CNPq na Universit\u00e8 de Montreal, DSc\/MSc em Engenharia de Sistemas e Computa\u00e7\u00e3o (OTIMIZA\u00c7\u00c3O) pela COPPE\/UFRJ. Consultor e fundador da GRAPHVS. Consultor da FOR\u00c7A AMBIENTAL\/PETR\u00d3POLIS-RJ, PMI-LIMPEZA URBANA SP-PARCERIAS, RECICLEIROS, SMS-PMF, PRODERJ-COPPETEC-SESDEC\/RJ, DONIZETE ALIMENTOS, JMAC\u00caDO ALIMENTOS, PMF\/EMLURB-SEFIN, MARQUISE, COMLURB, CORREDOR ATL\u00c2NTICO DO MERCOSUL, e outras. Extensa familiaridade no desenvolvimento de solu\u00e7\u00f5es da Apoio a Decis\u00e3o (Otimiza\u00e7\u00e3o). Consultor Ad Hoc do CNPq e CAPES. Revisor de artigos Nacionais e Internacionais. Mais de 30 softwares desenvolvidos, mais de 150 trabalhos apresentados em congressos nacionais e internacionais (Brasil, USA, Montreal, Austr\u00e1lia, Espanha, Alemanha, M\u00e9xico, Chile, Portugal, Fran\u00e7a, Argentina, Cuba, Peru, Colombia e outros), mais de 25 trabalhos publicados nacional\/internacional, 14 trabalhos em revistas internacionais Qualis A\/B. Professor do curso de Bacharelado em Ci\u00eancias da Computa\u00e7\u00e3o da UECE\u00a0 Coordenador do LCC-UECE. IFORS <em>Prize in Development<\/em> Honolulu-Hawaii\/2005.<\/p>\n<p><strong>Tiago Machado Gomes<br \/>\n<em>Cons de Neg\u00f3cios e Geoprocessamento &#8211; tiagomachado@graphvs.com.br<\/em><\/strong><\/p>\n<p>T\u00e9cnico em geoprocessamento e especialista no tratamento de malha do <strong>SisRot<\/strong>, estudante de adminstra\u00e7\u00e3o (Unifor), consultor de neg\u00f3cios da <strong>GRAPHVS<\/strong>.<\/p>\n<p><strong>Colaboradores<\/strong><\/p>\n<p><strong>Augusto Wagner de Castro Palhano, MSc<\/strong><br \/>\n<em><strong> Analista S\u00eanior-Colaborador<\/strong><\/em><\/p>\n<p>Mestre em Computa\u00e7\u00e3o pelo MPCOMP-UECE\/IFCE-CE, foi pesquisador associado na Universidade Livre de Bruxelas-B\u00e9lgica, Bacharel em Oceonografia UERJ e em Ci\u00eancias da Computa\u00e7\u00e3o pela UECE. Atualmente \u00e9 analista de sistemas da DATAPREV. Analista de Sistemas S\u00eanior e Programador Especialista em C\/C++, DELPHI, SQL Server, Mapeamento via ARCINFO e IMS. Professor das disciplinas de Introdu\u00e7\u00e3o \u00e0 Linguagem C, Pascal, Estruturas de Dados, Grafos, Ordena\u00e7\u00e3o, Programa\u00e7\u00e3o Estruturada e Orientada a Objetos, e Projetos e An\u00e1lise de Algoritmos na UECE (Extens\u00e3o, Especializa\u00e7\u00e3o e Mestrado). Professor substituto na UECE. Dois trabalhos publicados em revista Internacional\/Nacional n\u00edvel A. Bolsista CNPq.<\/p>\n<p><strong>Gerson Alves de Castro, MBA<\/strong><br \/>\n<em><strong> Analista de Sistemas &#8211; Colaborador<\/strong><\/em><\/p>\n<p>Especialista em Gest\u00e3o da Informa\u00e7\u00e3o e Gonvernan\u00e7a. Analista de Sistemas e Programador Especialista em C, PHP, DELPHI, SQL. Especialista em programa\u00e7\u00e3o para Geoprocessamento. Desenvolvedor Web. Bacharel em computa\u00e7\u00e3o pela UECE. Bolsista CNPq.<\/p>\n<p><strong>Ivo Coelho Albuquerque, BSc<br \/>\n<em>Analista de Sistemas &#8211; Colaborador<\/em><br \/>\n<\/strong><\/p>\n<p>Bacharel em Ci\u00eancia da Computa\u00e7\u00e3o\u00a0 pela UECE. Analista e desenvolvedor C\/C++, JAVA, JAVASCRIPT e Web-Mobile. Larga experi\u00eanca em projetos e implanta\u00e7\u00e3o de sistemas m\u00f3veis. Bolsista CNPq.<\/p>\n<p><strong>Representa\u00e7\u00e3o (Parceiros)<\/strong><\/p>\n<p><strong>Eduardo C.R. Reis, Eng Eletr\u00f4nico (Apoio T\u00e9cnico &#8211; Comercial)<\/strong><\/p>\n<p>Engenheiro Eletr\u00f4nico, P\u00f3s Graduado em Administra\u00e7\u00e3o Industrial na FCAV-USP, Auditor ISO 9000. Experi\u00eancia sistemas de Servi\u00e7os M\u00f3veis, Equipamentos de Precis\u00e3o e Automa\u00e7\u00e3o Industrial, Projetos de Equipamentos Especiais e Desenvolvimentos de Fornecedores. Propriet\u00e1rio de empresa de consultoria e treinamento empresarial, atendendo mais de 60mil alunos e atuando na elabora\u00e7\u00e3o de mais de 300 estudos de viabilidade administrativo-financeiros de pequenos e m\u00e9dios neg\u00f3cios. Consultor de opera\u00e7\u00f5es log\u00edsticas da coleta de lixo, atuando com sucesso na otimiza\u00e7\u00e3o de rotas de ve\u00edculos em licita\u00e7\u00f5es da coleta de lixo desde os anos 90.<\/p>\n<p><strong><em>in memorian<\/em><\/strong><\/p>\n<p><strong><em><a href=\"http:\/\/www.graphvs.com.br\/sitegraphvs\/wp-content\/uploads\/2013\/06\/IMG_0530.jpg\"><img loading=\"lazy\" decoding=\"async\" class=\"alignnone wp-image-570\" src=\"http:\/\/www.graphvs.com.br\/sitegraphvs\/wp-content\/uploads\/2013\/06\/IMG_0530-269x300.jpg\" alt=\"IMG_0530\" width=\"77\" height=\"86\" srcset=\"http:\/\/www.graphvs.com.br\/wp-content\/uploads\/2013\/06\/IMG_0530-269x300.jpg 269w, http:\/\/www.graphvs.com.br\/wp-content\/uploads\/2013\/06\/IMG_0530-250x279.jpg 250w, http:\/\/www.graphvs.com.br\/wp-content\/uploads\/2013\/06\/IMG_0530.jpg 596w\" sizes=\"auto, (max-width: 77px) 100vw, 77px\" \/><\/a><\/em><\/strong><\/p>\n<p><strong>Airton Fontenele Sampaio Xavier, LDc-P\u00f3s-Doutor\u00a0\u00a0 <\/strong><br \/>\n<em><strong> Consultor-Pesquisador-Colaborador<\/strong><\/em><\/p>\n<p>Durante 15 anos trabalhamos proximamente e regularmente com o professor Airton Xavier, tendo sido uma experi\u00eancia sem igual em nossa vida. Um homem de 80 anos entre n\u00f3s, jovens e inexperientes homens que tanto o admiravam pela sua intelig\u00eancia, honestidade, car\u00e1ter inigual\u00e1vel e firmeza de prop\u00f3sitos. A <strong>GRAPHVS<\/strong> foi um ambiente singelo onde em momentos absolutamente significativos pudemos compartilhar de sua <strong>magn\u00edfica Intelig\u00eancia<\/strong>. Foi mais que um prazer estar com voc\u00ea professor, e que na sua eternidade lembre-se que n\u00f3s o amamos demais e sempre rezamos por voc\u00ea!<\/p>\n<p>O prof Airton Xavier foi P\u00f3s-Doutor em Estat\u00edstica, Estat\u00edstico, Matem\u00e1tico, M\u00e9dico, Poeta e escritor. Membro da Academia Cearense de Letras, Academia dos M\u00e9dicos Poetas e Academia Cearense de Ci\u00eancias. Professor Titular Aposentado da UFC. Mais de 100 trabalhos publicados entre congressos nacionais e internacionais. Mais de 20 trabalhos publicados em revistas nacionais, e mais de 15 trabalhos publicados em revistas internacionais. Revisor Ad-Hoc do CNPq. Bolsista Pesquisador CNPq-RHAE Inova\u00e7\u00e3o. Era esposo da Profa Teresinha Xavier, onde nutria a maior admira\u00e7\u00e3o, amizade e um amor INCONDICIONAL!<\/p>\n<p><a href=\"http:\/\/www.graphvs.com.br\/wp-content\/uploads\/2024\/01\/MiguelNegreiros.png\"><img loading=\"lazy\" decoding=\"async\" class=\"alignnone size-medium wp-image-1277\" src=\"http:\/\/www.graphvs.com.br\/wp-content\/uploads\/2024\/01\/MiguelNegreiros-300x265.png\" alt=\"\" width=\"300\" height=\"265\" srcset=\"http:\/\/www.graphvs.com.br\/wp-content\/uploads\/2024\/01\/MiguelNegreiros-300x265.png 300w, http:\/\/www.graphvs.com.br\/wp-content\/uploads\/2024\/01\/MiguelNegreiros-250x221.png 250w, http:\/\/www.graphvs.com.br\/wp-content\/uploads\/2024\/01\/MiguelNegreiros.png 307w\" sizes=\"auto, (max-width: 300px) 100vw, 300px\" \/><\/a><br \/>\n<strong>Miguel Arcanjo Negreiros Gomes, Analista de Sistemas de Informa\u00e7\u00e3o (Apoio Comercial)<\/strong><br \/>\nAnalista de Sistemas de Informa\u00e7\u00e3o pela FIC\/CE, tendo atuado em projetos da coleta de lixo e com Atacadistas em Fortaleza\/CE.<br \/>\n<span style=\"font-size: revert; color: initial;\"><br \/>\nN\u00e3o resta d\u00favida que esta perda foi a mais dif\u00edcil entre todas que j\u00e1 tivemos em nossa exist\u00eancia at\u00e9 aqui (Jan\/2024). Miguel, meu irm\u00e3o mais novo, foi uma pessoa sem igual, passou por muitas transforma\u00e7\u00f2es e dificuldades. Acreditou sempre no nosso trabalho. Desde o inicio do <strong>SisRot<\/strong> est\u00e1 conosco, ainda quando era SRV nos idos 1990 na Marquise. Programou esta primeira vers\u00e3o comigo, e ajudou no desenvolvimento de muitos neg\u00f3cios.<br \/>\nFoi um pai de tr\u00eas filhos muito presente e dedicado. Um marido muito companheiro. Enveredou pela cristandade da comunidade Shalom, se tornou uma pessoa melhor e mais brilhante, trazendo seu carisma e paz para muitos de n\u00f3s.<br \/>\n<\/span><span style=\"font-size: revert; color: initial;\">Muitas saudades de voc\u00ea meu irm\u00e3o. Muitas mesmo!\u00a0<\/span><\/p>\n","protected":false},"excerpt":{"rendered":"<p>Ana Cristina Juc\u00e1 Machado, MSc Diretora-Gerente e Consultora &#8211; anamachado@graphvs.com.br Mestre em Engenharia de Produ\u00e7\u00e3o (Produto) pela COPPE\/UFRJ. Diretora e Fundadora da GRAPHVS. Consultora na FINOBRASA, CONSOL, GRUPO MASTER, Centro Cearense de Oftalmologia (CCO). Atua tamb\u00e9m na EMBRAF Factoring. Extensa familiaridade em processos de Qualidade e Certifica\u00e7\u00e3o ISO. Marcos Jos\u00e9 Negreiros Gomes, PD-DSc S\u00f3cio e [&hellip;]<\/p>\n","protected":false},"author":2,"featured_media":0,"parent":0,"menu_order":0,"comment_status":"open","ping_status":"open","template":"","meta":{"footnotes":""},"class_list":["post-9","page","type-page","status-publish","hentry"],"_links":{"self":[{"href":"http:\/\/www.graphvs.com.br\/index.php?rest_route=\/wp\/v2\/pages\/9","targetHints":{"allow":["GET"]}}],"collection":[{"href":"http:\/\/www.graphvs.com.br\/index.php?rest_route=\/wp\/v2\/pages"}],"about":[{"href":"http:\/\/www.graphvs.com.br\/index.php?rest_route=\/wp\/v2\/types\/page"}],"author":[{"embeddable":true,"href":"http:\/\/www.graphvs.com.br\/index.php?rest_route=\/wp\/v2\/users\/2"}],"replies":[{"embeddable":true,"href":"http:\/\/www.graphvs.com.br\/index.php?rest_route=%2Fwp%2Fv2%2Fcomments&post=9"}],"version-history":[{"count":42,"href":"http:\/\/www.graphvs.com.br\/index.php?rest_route=\/wp\/v2\/pages\/9\/revisions"}],"predecessor-version":[{"id":1447,"href":"http:\/\/www.graphvs.com.br\/index.php?rest_route=\/wp\/v2\/pages\/9\/revisions\/1447"}],"wp:attachment":[{"href":"http:\/\/www.graphvs.com.br\/index.php?rest_route=%2Fwp%2Fv2%2Fmedia&parent=9"}],"curies":[{"name":"wp","href":"https:\/\/api.w.org\/{rel}","templated":true}]}}