{"id":17,"date":"2013-06-15T16:33:46","date_gmt":"2013-06-15T16:33:46","guid":{"rendered":"http:\/\/localhost:80\/sitegraphvs\/?page_id=17"},"modified":"2017-08-24T13:37:37","modified_gmt":"2017-08-24T16:37:37","slug":"produtos-academicos","status":"publish","type":"page","link":"http:\/\/www.graphvs.com.br\/?page_id=17","title":{"rendered":"Produtos Acad\u00eamicos"},"content":{"rendered":"<ul>\n<li><strong><a href=\"http:\/\/www.graphvs.com.br\/?p=600\">Xn\u00eas<\/a>\u00a0<\/strong>(Sistema para Gera\u00e7\u00e3o de Solu\u00e7\u00f5es \u00d3timas do Carteiro Chin\u00eas Sim\u00e9trico, Orientado e Misto)\u00a0&#8211; O Sistema Xn\u00eas \u00e9 um SADE\u00a0baseado em modelagem visual interativa (MVI) que trata o problema do Carteiro Chin\u00eas atrav\u00e9s de suas vers\u00f5es.<\/li>\n<li><strong>SisGRAFO<\/strong> (Sistema de Otimiza\u00e7\u00e3o em Grafos &#8211; \u00c1rvores, Caminhos, Localiza\u00e7\u00e3o, Caixeiro Viajante, \u00a0Roteamento e outros).<\/li>\n<li><strong>XNES RPP<\/strong> (Vers\u00e3o do XN\u00caS para o Problema do Carteiro Rural) &#8211; \u00e9 um SADE que trata o problema do Carteiro Rural considerando os casos (Sim\u00e9trico, Diirecionado, Misto, \u00cdngrime, GRP, WRPP e GWRPP)<\/li>\n<li><strong>SimulInova<\/strong> (Sistema para Simula\u00e7\u00e3o de Redes de Empresas de Inova\u00e7\u00e3o com Agentes Evolutivos)<\/li>\n<li><a href=\"http:\/\/www.graphvs.com.br\/?p=74\"><strong>GCORTE<\/strong><\/a> (Gerador\/Otimizador de Cortes n\u00e3o Guilhotinados Irregulares em Duas Dimens\u00f5es)<\/li>\n<li><strong>SCluster<\/strong> (Gerador e editor de <em>Clusters<\/em>\u00a0Irrestritos autom\u00e1tico e semiautom\u00e1tico com conex\u00e3o para planilhas gr\u00e1ficas)<\/li>\n<li><strong>ESPECTRAX<\/strong> (Sistema para reconhecimento e identifica\u00e7\u00e3o de assinaturas est\u00e1ticas)<\/li>\n<li><a href=\"http:\/\/projel.azurewebsites.net\"><strong>PROJEL<\/strong><\/a> (Sistema para o ensino e elabora\u00e7\u00e3o projetos de instala\u00e7\u00f5es el\u00e9tricas)<\/li>\n<li><a href=\"http:\/\/www.graphvs.com.br\/?p=696\"><strong>3D-Visual GRAPH<\/strong><\/a> (Sistema web para visualiza\u00e7\u00e3o de grafos e agrupamentos em 3D)<\/li>\n<li>X-Stand Allocator (Sistema para Gera\u00e7\u00e3o \u00d3tima de layouts de stands para feiras)<\/li>\n<\/ul>\n<p><strong>Outros Sistemas Acad\u00eamicos Desenvolvidos<\/strong><\/p>\n<ul>\n<li>k-\u00e1rvores (\u00c1rvores Restritas)<\/li>\n<li>Stym (\u00c1rvores de Steiner Euclideanas &#8211; R2 e R3)<\/li>\n<li>WBW (Projeto de Redes de Servi\u00e7o em Edificios &#8211; Redes N\u00e3o Capacitadas)<\/li>\n<li>k-BINs (Sistema de Gera\u00e7\u00e3o de Pacotes Unidimensionais de Tamanhos Variados para Itens de Tamanhos Variados)<\/li>\n<li>TED (Tomador Especialista de Decis\u00f5es &#8211; \u00c1rvores de Decis\u00e3o)<\/li>\n<\/ul>\n","protected":false},"excerpt":{"rendered":"<p>Xn\u00eas\u00a0(Sistema para Gera\u00e7\u00e3o de Solu\u00e7\u00f5es \u00d3timas do Carteiro Chin\u00eas Sim\u00e9trico, Orientado e Misto)\u00a0&#8211; O Sistema Xn\u00eas \u00e9 um SADE\u00a0baseado em modelagem visual interativa (MVI) que trata o problema do Carteiro Chin\u00eas atrav\u00e9s de suas vers\u00f5es. SisGRAFO (Sistema de Otimiza\u00e7\u00e3o em Grafos &#8211; \u00c1rvores, Caminhos, Localiza\u00e7\u00e3o, Caixeiro Viajante, \u00a0Roteamento e outros). XNES RPP (Vers\u00e3o do XN\u00caS [&hellip;]<\/p>\n","protected":false},"author":2,"featured_media":0,"parent":0,"menu_order":0,"comment_status":"open","ping_status":"open","template":"","meta":{"footnotes":""},"class_list":["post-17","page","type-page","status-publish","hentry"],"_links":{"self":[{"href":"http:\/\/www.graphvs.com.br\/index.php?rest_route=\/wp\/v2\/pages\/17","targetHints":{"allow":["GET"]}}],"collection":[{"href":"http:\/\/www.graphvs.com.br\/index.php?rest_route=\/wp\/v2\/pages"}],"about":[{"href":"http:\/\/www.graphvs.com.br\/index.php?rest_route=\/wp\/v2\/types\/page"}],"author":[{"embeddable":true,"href":"http:\/\/www.graphvs.com.br\/index.php?rest_route=\/wp\/v2\/users\/2"}],"replies":[{"embeddable":true,"href":"http:\/\/www.graphvs.com.br\/index.php?rest_route=%2Fwp%2Fv2%2Fcomments&post=17"}],"version-history":[{"count":59,"href":"http:\/\/www.graphvs.com.br\/index.php?rest_route=\/wp\/v2\/pages\/17\/revisions"}],"predecessor-version":[{"id":710,"href":"http:\/\/www.graphvs.com.br\/index.php?rest_route=\/wp\/v2\/pages\/17\/revisions\/710"}],"wp:attachment":[{"href":"http:\/\/www.graphvs.com.br\/index.php?rest_route=%2Fwp%2Fv2%2Fmedia&parent=17"}],"curies":[{"name":"wp","href":"https:\/\/api.w.org\/{rel}","templated":true}]}}