{"id":15,"date":"2013-06-15T16:33:09","date_gmt":"2013-06-15T16:33:09","guid":{"rendered":"http:\/\/localhost:80\/sitegraphvs\/?page_id=15"},"modified":"2025-09-09T10:59:01","modified_gmt":"2025-09-09T13:59:01","slug":"empresariais","status":"publish","type":"page","link":"http:\/\/www.graphvs.com.br\/?page_id=15","title":{"rendered":"Produtos Empresariais"},"content":{"rendered":"\n<p><span style=\"color: #000000;\"><a style=\"color: #000000;\" href=\"http:\/\/www.graphvs.com.br\/?p=869\"><strong>Planejamento Otimizado e Gest\u00e3o Log\u00edstica Integrada<\/strong><\/a><\/span><\/p>\n\n\n\n<p><span style=\"color: #ff0000;\"><strong>Sistema de Roteiriza\u00e7\u00e3o (Roteamento em N\u00f3s)<\/strong><\/span><\/p>\n\n\n\n<ul class=\"wp-block-list\">\n<li><a href=\"http:\/\/www.graphvs.com.br\/?p=51\"><span style=\"text-decoration: underline;\"><strong>S i s R o t<\/strong><\/span><\/a> \u00ae (Vers\u00e3o 6.0, <strong>FULL ou MD<\/strong>) &#8211; O SisRot\u00ae \u00e9 um Sistema de Apoio \u00e0 Decis\u00e3o Espacial (SADE) que proporciona \u00e0 empresa uma economia significativa em situa\u00e7\u00f5es do dia a dia relacionada \u00e0 Divis\u00e3o dos Percursos de Distribui\u00e7\u00e3o e de Coleta\/Entrega de produtos e servi\u00e7os pontuais. Inclui localiza\u00e7\u00e3o de dep\u00f3sitos, ou paradas para rotas de fretadoras de coleta\/entrega de funcion\u00e1rios ou estudantes. A vers\u00e3o MD \u00e9 uma vers\u00e3o especialmente ajustada para atacadistas, que favorece o maior desempenho do mercado com OTIMIZA\u00c7\u00c3O entre a gera\u00e7\u00e3o de rotas e prepara\u00e7\u00e3o de ve\u00edculos. Possui al\u00e9m dos m\u00f3dulos b\u00e1sicos de roteiriza\u00e7\u00e3o multi-dep\u00f3sito e m\u00faltiplos tipos de ve\u00edculos, m\u00f3dulos de planejamento de frota, re-roteiriza\u00e7\u00e3o, acompanhamento, liga\u00e7\u00e3o com o <em>Google\/OSM\/Here Maps<\/em>, divis\u00e3o de regi\u00f5es de vendas e rotas de vendas e outros.<\/li>\n\n\n\n<li><span style=\"text-decoration: underline;\"><strong>S i s R o t<\/strong><\/span> \u00ae (Vers\u00e3o 2.0, <strong>NEWS<\/strong>) &#8211; O SisRot\u00ae \u00e9 Roteirizador para aux\u00edlio e tomada da decis\u00e3o de projetos de rotas de assinantes de jornais.<\/li>\n\n\n\n<li><a href=\"http:\/\/www.graphvs.com.br\/?p=973\"><span style=\"text-decoration: underline;\"><strong>S i s R o t<\/strong><\/span> \u00ae (Vers\u00e3o 3.2, <strong>TRANSPESS<\/strong>)<\/a> &#8211; O SisRot\u00ae \u00e9 Roteirizador para auxilio e tomada da decis\u00e3o de projetos de rotas de coleta e entrega de pessoal em f\u00e1bricas, lojas e shopping centers.<\/li>\n<\/ul>\n\n\n\n<p><span style=\"color: #ff0000;\"><strong>Sistema de Roteiriza\u00e7\u00e3o (Roteamento em N\u00f3s e Arcos com Setoriza\u00e7\u00e3o)<\/strong><\/span><\/p>\n\n\n\n<ul class=\"wp-block-list\">\n<li><a href=\"http:\/\/www.graphvs.com.br\/?p=65\"><span style=\"text-decoration: underline;\"><strong>S i s R o t<\/strong> <\/span><\/a><strong>LIX\u00ae <\/strong>\u00a0(Vers\u00e3o 5<strong>.2<\/strong>)\u00a0 &#8211; O SisRot\u00aeLIX \u00e9 um SADE que permite a setoriza\u00e7\u00e3o e a roteiriza\u00e7\u00e3o de regi\u00f5es de Servi\u00e7os Urbanos Domiciliares, tais como: a Coleta de Lixo Domiciliar\/Seletiva, Varri\u00e7\u00e3o (Mecanizada e Manual), Pintura de Meio-Fio, Cata-Bagulho e outras em logradouros; Divis\u00e3o e rotas de leiturista de energia\/\u00e1gua\/g\u00e1s, Entrega\/Coleta de g\u00e1s engarrafado, Preven\u00e7\u00e3o de doen\u00e7as provocadas por arboviroses (dengue, chikungunya, zica e outras).<br><\/li>\n\n\n\n<li><p><a href=\"http:\/\/www.graphvs.com.br\/?p=783\"><strong>S i s R o t<\/strong><\/a> <strong>TRASLIX<\/strong>&nbsp;<strong>Seletivo\u00ae <\/strong>&nbsp;(Vers\u00e3o 1<strong>.3<\/strong>)&nbsp; &#8211; Este sistema da linha <strong>SisRot\u00ae<\/strong> permite o planejamento e a realiza\u00e7\u00e3o de um tipo de servi\u00e7o denominado Coleta Seletiva Solid\u00e1ria. O software faz a setoriza\u00e7\u00e3o e a roteiriza\u00e7\u00e3o parcial ou simult\u00e2nea de regi\u00f5es de servi\u00e7os de coleta seletiva em duas fases. Na primeira os agentes de limpeza recolhem o lixo seletivo e o disponibiliza em um n\u00famero m\u00ednimo de caixas de coleta (Pontos de Acumula\u00e7\u00e3o)&nbsp; automaticamente localizadas para minimizar o segundo percurso. Na segunda fase \u00e9 feita pelo segundo percurso realizado por caminh\u00f5es maiores que coletam apenas nas caixas previamente localizadas. O software calcula a integra\u00e7\u00e3o entre as duas partes deste processo log\u00edstico, calcula e exibe a rota do agente de coleta que parte e retorna sempre \u00e0 sua caixa de coleta, e a rota do caminh\u00e3o, e permite a cria\u00e7\u00e3o e atribui\u00e7\u00e3o das frequ\u00eancias de coleta.<\/p><span style=\"color: #ff0000;\"><strong>Sistemas de Acompanhamento de Rotas:<\/strong><\/span><\/li>\n<\/ul>\n\n\n\n<p><strong>ATACADISTA, COLETA COMERCIAL, DISTRIBUI\u00c7\u00c3O DE \u00c1GUA, ETC &#8211; Ponto a Ponto<\/strong><\/p>\n\n\n\n<ul class=\"wp-block-list\">\n<li><a href=\"http:\/\/www.graphvs.com.br\/?p=286\"><strong>CherryTrack<\/strong> <strong>Motorista<\/strong><\/a> (Vers\u00e3o 2.6) &#8211; O CherryTrack \u00e9 um software <em>mobile<\/em>&nbsp;para acompanhamento de um ve\u00edculo que utiliza&nbsp;rota projetada pelo <span style=\"color: #0000ff;\"><strong>SisRot\u00ae<\/strong><\/span>, o qual permite apoiar na navega\u00e7\u00e3o do motorista entre clientes, indicar as tarefas a serem realizadas em cada cliente, firmar os locais que foram visitados&nbsp;e os recebimentos\/entregas realizadas em cada cliente.<\/li>\n\n\n\n<li><a href=\"http:\/\/www.graphvs.com.br\/?p=286\"><strong>CherryTrack<\/strong>&nbsp; <strong>Gestor<\/strong><\/a> (Vers\u00e3o 2.6) &#8211; O CherryTrack Gestor \u00e9 um software <em>mobile<\/em>&nbsp;para acompanhamento de uma frota de ve\u00edculos que utiliza&nbsp;rotas projetadas pelo <strong>SisRot\u00aeFull\/Transpess <\/strong>permitindo apoiar o setor de log\u00edstica e despacho de ve\u00edculos a acompanhar em tempo real as tarefas que est\u00e3o sendo executadas por cada um, os clientes visitados, e fazer toda a presta\u00e7\u00e3o de contas sobre os servi\u00e7os realizados em campo, enquanto est\u00e3o sendo realizados.<strong><br><br><\/strong><strong>COLETA DE LIXO, DISTRIBUI\u00c7\u00c3O DE G\u00c1S, LEITURISTAS DE ENERGIA, PATRULHAS, ETC &#8211; Pelas Vias<\/strong><\/li>\n<\/ul>\n\n\n\n<ul class=\"wp-block-list\">\n<li><a href=\"http:\/\/www.graphvs.com.br\/?p=823\"><strong>CherryTrack LIX\u00ae<\/strong>\u00a0<strong>Motorista<\/strong><\/a> (Vers\u00e3o 3.15) &#8211; O <strong>CherryTrack\u00ae LIX<\/strong> \u00e9 um software <em>mobile<\/em> para acompanhamento de cobertura de um Setor de coleta de lixo (coleta domiciliar\/seletiva), varri\u00e7\u00e3o e outras, a partir de um conjunto de viagens (rotas) projetadas para cada setor pelo <strong>SisRot\u00ae LIX.<\/strong> Permite apoiar na navega\u00e7\u00e3o do motorista entre ruas de coleta, indicar os servi\u00e7os em cada via (in\u00edcio e fim de servi\u00e7o, coleta, puxada, atendimento especial, sem servi\u00e7o), informar os motivos da n\u00e3o cobertura de uma via, e registrar a medi\u00e7\u00e3o em Kg e tempo na balan\u00e7a do destino final.<\/li>\n\n\n\n<li><a href=\"http:\/\/www.graphvs.com.br\/?p=823\"><strong>CherryTrack LIX\u00ae\u00a0<\/strong> <strong>Gestor<\/strong><\/a> (Vers\u00e3o 3.15) &#8211; O <strong>CherryTrack\u00ae LIX<\/strong> \u00e9 um software <em>mobile<\/em>\u00a0para acompanhamento de cobertura de um Setor de coleta de lixo (coleta domiciliar\/seletiva) a partir de um conjunto de setores que est\u00e3o em execu\u00e7\u00e3o simult\u00e2nea no campo, acompanhados pelos m\u00f3dulos ativados pelo motorista. Permite mostrar ao(s) gestor(es) o que est\u00e1 sendo feito por cada caminh\u00e3o da coleta em opera\u00e7\u00e3o num determinado dia e hora, informar os motivos da n\u00e3o cobertura de vias, e registrar a medi\u00e7\u00e3o em Kg e tempo na balan\u00e7a do destino final consolidado a produ\u00e7\u00e3o di\u00e1ria, os tempos de coleta e quilometragem realizadas em cada dia de coleta.<\/li>\n\n\n\n<li><strong>SisTrack\u00ae<\/strong> (Vers\u00e3o 1.0) &#8211; O SisTrack\u00ae \u00e9 um software de monitoramento de frota, que trabalha atrav\u00e9s de comunica\u00e7\u00e3o GPRS utilizando os equipamentos embargados para interven\u00e7\u00e3o em ve\u00edculos que s\u00e3o roteirizados pela linha de sistemas <span style=\"color: #0000ff;\"><strong>SisRot\u00ae<\/strong><\/span>.<\/li>\n<\/ul>\n\n\n\n<p><span style=\"color: #ff0000;\"><strong>Sistema de Gest\u00e3o de Frotas:<\/strong><\/span><\/p>\n\n\n\n<ul class=\"wp-block-list\">\n<li><strong>SisFrota\u00ae&nbsp;<\/strong>(Vers\u00e3o 3.2) &#8211; O <strong>SisFrota\u00ae<\/strong> \u00e9 um sistema de auditoria que auxilia \u00e0s empresas no controle de suas frotas de ve\u00edculos, bem como com os itens de manuten\u00e7\u00e3o (rodizio de pneus, reposi\u00e7\u00e3o de pe\u00e7as), gastos com viagens, multas\/IPVA\/Licenciamento e agenda de vencimentos, pe\u00e7as e outros, assim como acompanhamento de check-lists.<\/li>\n<\/ul>\n\n\n\n<p><span style=\"color: #ff0000;\"><strong>Sistema de Gest\u00e3o da Produ\u00e7\u00e3o do Lixo:<\/strong><\/span><\/p>\n\n\n\n<ul class=\"wp-block-list\">\n<li><strong><a href=\"http:\/\/www.graphvs.com.br\/?p=882\">TrashControl\u00ae<\/a>&nbsp;<\/strong>(Vers\u00e3o 2.0) &#8211; O <strong>Trash Control\u00ae<\/strong> \u00e9 um sistema de acompanhamento da produ\u00e7\u00e3o do lixo nos setores de coleta. Mant\u00e9m os indicadores de produ\u00e7\u00e3o, gr\u00e1ficos e as estat\u00edsticas de coleta (horas trabalhadas, efici\u00eancia da coleta, dist\u00e2ncias percorridas) a partir das informa\u00e7\u00f5es de dados provenientes de campo dos boletins di\u00e1rios de opera\u00e7\u00e3o, ou das informa\u00e7\u00f5es integradas provenientes do servi\u00e7o <strong>CherryTrack\u00ae<\/strong>.<\/li>\n\n\n\n<li><strong><span style=\"color: #0000ff;\">WebLIX\u00ae<\/span><\/strong> (vers\u00e3o 1.0) &#8211; \u00c9 um sistema web que integra dados provenientes de planilhas de produ\u00e7\u00e3o de lixo ou do <strong><span style=\"color: #0000ff;\">CherryTrack\u00aeLIX<\/span><\/strong>, e apresenta em mapas e dashboards espec\u00edficos para a forma\u00e7\u00e3o de tomadas de decis\u00e3o anal\u00edtica sobre a produ\u00e7\u00e3o individual de ve\u00edculos e setores de coleta de res\u00edduos s\u00f3lidos.<\/li>\n<\/ul>\n\n\n\n<p><span style=\"text-decoration: underline; color: #ff0000;\"><strong>Sistemas de Combate a Endemias e Epidemias:<\/strong><\/span><\/p>\n\n\n\n<ul class=\"wp-block-list\">\n<li><a href=\"http:\/\/www.graphvs.com.br\/?p=57\"><strong>WEBDENGUE<\/strong><\/a>\u00ae- Framework multiplataforma integrado para o controle do dengue bem como outras doen\u00e7as transmitidas por vetores, utilizando tecnologia de ponta em gerenciamento inteligente de informa\u00e7\u00f5es georeferenciadas.<\/li>\n<\/ul>\n\n\n\n<p><strong>Sistemas complementares ao Webdengue:<\/strong><\/p>\n\n\n\n<ul class=\"wp-block-list\">\n<li><strong><span style=\"text-decoration: underline;\">Sistema Gestor<\/span><\/strong>\u00ae- Manuten\u00e7ao de bases de dados do Webdengue para acesso de cidades, Planejamento de setores e escala de servi\u00e7os de Agentes Sanitaristas\u00ae considerando seus diversos servi\u00e7os (Controle focal, pontos estrat\u00e9gicos, armadilhas e UBV) incluindo recursos de gest\u00e3o por Estrat\u00e9gia de Risco.<\/li>\n\n\n\n<li><a href=\"http:\/\/www.graphvs.com.br\/downloads\/SmartAgente-Supervisor\/SAgente-Supervisor.apk\"><span style=\"text-decoration: underline;\"><strong>Smart<\/strong> Supervisor e Agente\u00ae<\/span><\/a> &#8211; Sistemas de cadastro e acompanhamento de visitas de agentes sanitaristas do controle das arboviroses.<\/li>\n\n\n\n<li><a href=\"http:\/\/www.graphvs.com.br\/downloads\/SEpidemiologista\/SEpidemiologista.apk\"><span style=\"text-decoration: underline;\"><strong>Smart<\/strong> Epidemiologista\u00ae<\/span> <\/a>&#8211; Sistema de cadastro e acompanhamento de notifica\u00e7\u00e3o e acompanhamento de agravos de doen\u00e7as provocadas por arboviroses.<\/li>\n\n\n\n<li><span style=\"text-decoration: underline;\"><strong>GEOGRAPHVS<\/strong>\u00ae<\/span> &#8211; Sistema de edi\u00e7\u00e3o e manuten\u00e7\u00e3o de mapas urbanos.<\/li>\n\n\n\n<li><a href=\"http:\/\/www.graphvs.com.br\/?p=531\"><span style=\"text-decoration: underline;\"><strong>Dynagraph<\/strong><\/span><\/a>\u00ae- Sistema de edi\u00e7\u00e3o e visualiza\u00e7\u00e3o de grafos din\u00e2micos, \u00fatil para apresentar a evolu\u00e7\u00e3o espa\u00e7o-temporal de uma rede de telefonia, vi\u00e1ria, el\u00e9trica, ou mesmo a evolu\u00e7\u00e3o de doen\u00e7as como a Dengue, Zica, Chikungunya, Leptospirose e outras.<\/li>\n<\/ul>\n\n\n\n<p><span style=\"color: #ff0000;\"><strong>Sistemas Educacionais<\/strong><\/span><\/p>\n\n\n\n<ul class=\"wp-block-list\">\n<li><a href=\"http:\/\/www.graphvs.com.br\/?p=88\"><strong>SAPECA<\/strong><\/a>\u00ae(Vers\u00e3o 2.0) \u2013 O SAPECA\u00ae \u00e9 um framework computacional composto por um conjunto de sistemas de apoio \u00e0 Alfabetiza\u00e7\u00e3o assim como \u00e0&nbsp;Escrita e Caligrafia. Vem sendo desenvolvido com apoio do MPCOMP-UECE-IFCE, CNPq e j\u00e1 foi testado em uma escola p\u00fablica da Prefeitura Municipal de Fortaleza (Haroldo Jorge Braum de Oliveira) com grande sucesso. Sua proposta \u00e9 promover a alfabetiza\u00e7\u00e3o com a escrita utilizando mesas digitalizadoras ou at\u00e9 mesmo os pr\u00f3prios dedos dos aprendizes atrav\u00e9s de telas do tipo \u201ctouch screen\u201d (Sens\u00edveis ao toque).<\/li>\n<\/ul>\n","protected":false},"excerpt":{"rendered":"<p>Planejamento Otimizado e Gest\u00e3o Log\u00edstica Integrada Sistema de Roteiriza\u00e7\u00e3o (Roteamento em N\u00f3s) Sistema de Roteiriza\u00e7\u00e3o (Roteamento em N\u00f3s e Arcos com Setoriza\u00e7\u00e3o) ATACADISTA, COLETA COMERCIAL, DISTRIBUI\u00c7\u00c3O DE \u00c1GUA, ETC &#8211; Ponto a Ponto Sistema de Gest\u00e3o de Frotas: Sistema de Gest\u00e3o da Produ\u00e7\u00e3o do Lixo: Sistemas de Combate a Endemias e Epidemias: Sistemas complementares ao [&hellip;]<\/p>\n","protected":false},"author":2,"featured_media":0,"parent":0,"menu_order":0,"comment_status":"open","ping_status":"open","template":"","meta":{"footnotes":""},"class_list":["post-15","page","type-page","status-publish","hentry"],"_links":{"self":[{"href":"http:\/\/www.graphvs.com.br\/index.php?rest_route=\/wp\/v2\/pages\/15","targetHints":{"allow":["GET"]}}],"collection":[{"href":"http:\/\/www.graphvs.com.br\/index.php?rest_route=\/wp\/v2\/pages"}],"about":[{"href":"http:\/\/www.graphvs.com.br\/index.php?rest_route=\/wp\/v2\/types\/page"}],"author":[{"embeddable":true,"href":"http:\/\/www.graphvs.com.br\/index.php?rest_route=\/wp\/v2\/users\/2"}],"replies":[{"embeddable":true,"href":"http:\/\/www.graphvs.com.br\/index.php?rest_route=%2Fwp%2Fv2%2Fcomments&post=15"}],"version-history":[{"count":77,"href":"http:\/\/www.graphvs.com.br\/index.php?rest_route=\/wp\/v2\/pages\/15\/revisions"}],"predecessor-version":[{"id":1446,"href":"http:\/\/www.graphvs.com.br\/index.php?rest_route=\/wp\/v2\/pages\/15\/revisions\/1446"}],"wp:attachment":[{"href":"http:\/\/www.graphvs.com.br\/index.php?rest_route=%2Fwp%2Fv2%2Fmedia&parent=15"}],"curies":[{"name":"wp","href":"https:\/\/api.w.org\/{rel}","templated":true}]}}