{"id":13,"date":"2013-06-15T16:32:01","date_gmt":"2013-06-15T16:32:01","guid":{"rendered":"http:\/\/localhost:80\/sitegraphvs\/?page_id=13"},"modified":"2024-01-23T14:16:51","modified_gmt":"2024-01-23T17:16:51","slug":"fale-conosco","status":"publish","type":"page","link":"http:\/\/www.graphvs.com.br\/?page_id=13","title":{"rendered":"Fale Conosco"},"content":{"rendered":"\n<div class=\"wp-block-group\"><div class=\"wp-block-group__inner-container is-layout-constrained wp-block-group-is-layout-constrained\">\n<table border=\"0\">\n<tbody>\n<tr>\n<td>\n<p style=\"text-align: left;\">Em caso de interesse, d\u00favidas, sugest\u00f5es, elogios, cr\u00edticas e\/ou reclama\u00e7\u00f5es, entre em contato conosco.<\/p>\n<p style=\"text-align: left;\"><strong>Telefone:<\/strong> (85) 3261-7630<\/p>\n<p style=\"text-align: left;\"><strong>E-mail:<\/strong> <em>graphvs@graphvs.com.br<\/em> ou <em>negreiro@graphvs.com.br<\/em><\/p>\n<p style=\"text-align: left;\"><strong>Endere\u00e7o:<\/strong> Rua Vicente Linhares, 521 &#8211; Sala 913, Aldeota.<\/p>\n<p style=\"text-align: left;\">CEP: 60.135-270 &#8211; Fortaleza &#8211; CE &#8211; Brasil<\/p>\n<\/td>\n<\/tr>\n<tr>\n<td><iframe loading=\"lazy\" src=\"https:\/\/www.google.com\/maps\/embed?pb=!1m18!1m12!1m3!1d3981.3121347453584!2d-38.50204518573922!3d-3.7420163972775295!2m3!1f0!2f0!3f0!3m2!1i1024!2i768!4f13.1!3m3!1m2!1s0x7c7488e63d14105%3A0x12801fab0c7641e3!2sR.%20Vicente%20Linhares%2C%20521%20-%20Aldeota%2C%20Fortaleza%20-%20CE%2C%2060135-270!5e0!3m2!1spt-BR!2sbr!4v1584553841321!5m2!1spt-BR!2sbr\" width=\"440\" height=\"300\" frameborder=\"0\" style=\"border:0;\" allowfullscreen=\"\" aria-hidden=\"false\" tabindex=\"0\"><\/iframe><br>\n<small>Visualizar <a style=\"color: #4ac0fd; text-align: left;\" href=\"https:\/\/maps.google.com\/maps?ll=-3.742016,-38.499856&#038;z=15&#038;t=m&#038;hl=pt-BR&#038;gl=BR&#038;mapclient=embed&#038;q=R.%20Vicente%20Linhares%2C%20521%20-%20Aldeota%20Fortaleza%20-%20CE%2060135-270\" target=\"_blank\" rel=\"noopener noreferrer\">GRAPHVS<\/a> em um mapa maior<\/small><\/td>\n<\/tr>\n<\/tbody>\n<\/table>\n<\/div><\/div>\n\n\n\n<p><\/p>\n","protected":false},"excerpt":{"rendered":"<p>Em caso de interesse, d\u00favidas, sugest\u00f5es, elogios, cr\u00edticas e\/ou reclama\u00e7\u00f5es, entre em contato conosco. Telefone: (85) 3261-7630 E-mail: graphvs@graphvs.com.br ou negreiro@graphvs.com.br Endere\u00e7o: Rua Vicente Linhares, 521 &#8211; Sala 913, Aldeota. CEP: 60.135-270 &#8211; Fortaleza &#8211; CE &#8211; Brasil Visualizar GRAPHVS em um mapa maior<\/p>\n","protected":false},"author":2,"featured_media":0,"parent":0,"menu_order":0,"comment_status":"open","ping_status":"open","template":"","meta":{"footnotes":""},"class_list":["post-13","page","type-page","status-publish","hentry"],"_links":{"self":[{"href":"http:\/\/www.graphvs.com.br\/index.php?rest_route=\/wp\/v2\/pages\/13","targetHints":{"allow":["GET"]}}],"collection":[{"href":"http:\/\/www.graphvs.com.br\/index.php?rest_route=\/wp\/v2\/pages"}],"about":[{"href":"http:\/\/www.graphvs.com.br\/index.php?rest_route=\/wp\/v2\/types\/page"}],"author":[{"embeddable":true,"href":"http:\/\/www.graphvs.com.br\/index.php?rest_route=\/wp\/v2\/users\/2"}],"replies":[{"embeddable":true,"href":"http:\/\/www.graphvs.com.br\/index.php?rest_route=%2Fwp%2Fv2%2Fcomments&post=13"}],"version-history":[{"count":30,"href":"http:\/\/www.graphvs.com.br\/index.php?rest_route=\/wp\/v2\/pages\/13\/revisions"}],"predecessor-version":[{"id":1337,"href":"http:\/\/www.graphvs.com.br\/index.php?rest_route=\/wp\/v2\/pages\/13\/revisions\/1337"}],"wp:attachment":[{"href":"http:\/\/www.graphvs.com.br\/index.php?rest_route=%2Fwp%2Fv2%2Fmedia&parent=13"}],"curies":[{"name":"wp","href":"https:\/\/api.w.org\/{rel}","templated":true}]}}