{"id":1283,"date":"2024-01-03T13:43:25","date_gmt":"2024-01-03T16:43:25","guid":{"rendered":"http:\/\/www.graphvs.com.br\/?page_id=1283"},"modified":"2026-01-27T14:08:38","modified_gmt":"2026-01-27T17:08:38","slug":"cti-transportes","status":"publish","type":"page","link":"http:\/\/www.graphvs.com.br\/?page_id=1283","title":{"rendered":"CT&#038;I Transportes"},"content":{"rendered":"\n<p>Trata-se de um grande projeto que foi financiado pelo <strong>CNPq<\/strong>, edital CNPq\/FNDCT\/MCTI 15\/2022 &#8211; Faixa C, <strong>407652\/2022-1<\/strong>, cujo objetivo foi de promover a tecnologia <strong>POGLI-SisRot\u00aeLIX<\/strong> para <em><strong>permitir o planejamento otimizado da coleta de Res\u00edduos S\u00f3lidos Urbanos e o acompanhamento sistem\u00e1tico dos planos em campo atrav\u00e9s de tecnologia m\u00f3vel e web<\/strong><\/em> por todos os atores do processo: Prefeituras, empresas, mun\u00edcipes, gestores e motoristas.<\/p>\n\n\n\n<figure class=\"wp-block-image size-full\"><a href=\"http:\/\/www.graphvs.com.br\/wp-content\/uploads\/2024\/01\/ProjetoCNPq.png\"><img loading=\"lazy\" decoding=\"async\" width=\"1017\" height=\"490\" src=\"http:\/\/www.graphvs.com.br\/wp-content\/uploads\/2024\/01\/ProjetoCNPq.png\" alt=\"\" class=\"wp-image-1310\" srcset=\"http:\/\/www.graphvs.com.br\/wp-content\/uploads\/2024\/01\/ProjetoCNPq.png 1017w, http:\/\/www.graphvs.com.br\/wp-content\/uploads\/2024\/01\/ProjetoCNPq-300x145.png 300w, http:\/\/www.graphvs.com.br\/wp-content\/uploads\/2024\/01\/ProjetoCNPq-768x370.png 768w, http:\/\/www.graphvs.com.br\/wp-content\/uploads\/2024\/01\/ProjetoCNPq-250x120.png 250w\" sizes=\"auto, (max-width: 1017px) 100vw, 1017px\" \/><\/a><\/figure>\n\n\n\n<p>O projeto \u00e9 coordenado pelo <em>Prof Marcos Negreiros<\/em> (<strong>UECE<\/strong>), com a participa\u00e7\u00e3o dos pesquisadores:<br>&#8211; <em>Nelson Maculan<\/em> (<strong>COPPE\/UFRJ<\/strong>)<br>&#8211; <em>Claudio Barbieri<\/em> <em>da Cunha<\/em> (<strong>POLI-USP<\/strong>)<br>&#8211; <em>Fl\u00e1vio Mello<\/em> (<strong>POLI-UFRJ<\/strong>)<br>&#8211; <em>Francisco Henrique Viana<\/em> (<strong>CEFET-RJ<\/strong>)<br>Assim como tem a participa\u00e7\u00e3o da <strong>GRAPHVS Consultoria<\/strong> e da empresa <strong>CONSERVITA<\/strong>. Foi or\u00e7ado em aproximadamente R$ 980mil (corrigido para R$ 1,12M, em 2023), sendo 86% em bolsas e o restante em custeio\/capital para compra de equipamentos, participa\u00e7\u00f5es em congressos e outras atividades pertinentes. O projeto teve dura\u00e7\u00e3o de 3 anos, tendo iniciado em Jan\/2023.<\/p>\n\n\n\n<p>O projeto foi desenvolvido em tr\u00eas cidades do estado de S\u00e3o Paulo: Andradina, Jales e Santa Cruz do Rio Pardo, onde foram controlados 10 ve\u00edculos simultaneamente todos os dias em dois turnos de trabalho (manh\u00e3 e tarde, noite).<br><br>O projeto compreendeu basicamente quatro frentes:<\/p>\n\n\n\n<ol class=\"wp-block-list\">\n<li><strong>Amplia\u00e7\u00e3o do SisRot\u00aeLIX<\/strong><br>&#8211; Incorpora\u00e7\u00e3o de novos algoritmos estado da arte (Hierarquia, coleta combinada e outros);<br>&#8211; Incorpora\u00e7\u00e3o de imagens de sat\u00e9lites para facilitar a edi\u00e7\u00e3o de \u00e1reas de coleta;<br>&#8211; Incorpora\u00e7\u00e3o de recursos de transfer\u00eancia de dados e plataforma sob VPS (Web);<br>&#8211; Elabora\u00e7\u00e3o de ferramentas para tratamento de problemas de coleta de res\u00edduos combinado;<br>&#8211; Elabora\u00e7\u00e3o de ferramentas de edi\u00e7\u00e3o para coleta combinada;<br>&#8211; Elabora\u00e7\u00e3o de ferramentas de edi\u00e7\u00e3o para a coleta hierarquizada;<br>&#8211; Novos algoritmos de percurso com restri\u00e7\u00f5es de tr\u00e1fego;<br>&#8211; Amplia\u00e7\u00e3o dos modelos de relat\u00f3rio autom\u00e1ticos padr\u00f5es.<\/li>\n\n\n\n<li><strong>Amplia\u00e7\u00e3o do CharryTrack\u00aeLIX<\/strong><br>&#8211; Utiliza\u00e7\u00e3o em m\u00faltiplas cidades por uma mesma empresa;<br>&#8211; CherryTrack<strong>\u00ae<\/strong>LIX para m\u00faltiplas empresas e m\u00faltiplas cidades;<br>&#8211; Incorpora\u00e7\u00e3o leitura de produ\u00e7\u00e3o din\u00e2mica da coleta por leitura de balan\u00e7a embarcada;<br>&#8211; Incorpora\u00e7\u00e3o de elementos distintos &#8211; Conteiner, puxadas, livramento, amontoamento, feira, etc;<br>&#8211; Incorpora\u00e7\u00e3o de BDO para transmiss\u00e3o autom\u00e1tica da produ\u00e7\u00e3o di\u00e1ria;<br>&#8211; Incorpora\u00e7\u00e3o de atualiza\u00e7\u00e3o din\u00e2mica de percurso de coleta;<br>&#8211; Aplicativo vers\u00e3o Fiscal;<br>&#8211; Aplicativo vers\u00e3o Mun\u00edcipe.<\/li>\n\n\n\n<li><strong>Acompanhamento e Aplica\u00e7\u00e3o em Campo<\/strong><br>&#8211; Acompanhamento da execu\u00e7\u00e3o atual;<br>&#8211; Registro de dados de produ\u00e7\u00e3o em campo;<br>&#8211; Solu\u00e7\u00e3o m\u00faltiplas cidades com acompanhamento integrado e natural;<br>&#8211; Solu\u00e7\u00e3o da Coleta Domiciliar &#8211; Combinada com Livramento;<br>&#8211; Solu\u00e7\u00e3o da Varri\u00e7\u00e3o.<\/li>\n\n\n\n<li><strong>Desenvolvimento da ferramenta Web\u00aeLIX<\/strong><br>&#8211; Dashboard de Produ\u00e7\u00e3o &#8220;on line&#8221; &#8211; Indicadores para Empresa e Prefeitura;<br>&#8211; Acompanhamento dos ve\u00edculos &#8220;on line&#8221;;<br>&#8211; Hist\u00f3ricos de produ\u00e7\u00e3o e percursos.<br><\/li>\n<\/ol>\n\n\n\n<p><strong>Resultados do Projeto<\/strong><br><a href=\"http:\/\/www.graphvs.com.br\/wp-content\/uploads\/2024\/01\/BalancaMovel.mp4\" target=\"_blank\" rel=\"noreferrer noopener\">Instala\u00e7\u00e3o de Balan\u00e7a M\u00f3vel &#8211; PESEBEM &#8211; FEV-2023<\/a><br><a href=\"http:\/\/www.graphvs.com.br\/wp-content\/uploads\/2024\/01\/ANPET-2023-Coleta-de-Residuos-v2-1.pdf\" target=\"_blank\" rel=\"noreferrer noopener\">Artigo T\u00e9cnico &#8211; ANPET\/Santos-SP &#8211; NOV-2023<\/a><br><a href=\"http:\/\/www.graphvs.com.br\/wp-content\/uploads\/2024\/01\/ArtigoANPET2023_r1.ppsx\" target=\"_blank\" rel=\"noreferrer noopener\">Apresenta\u00e7\u00e3o em PPS &#8211; ANPET\/Santos-SP &#8211; NOV-2023<\/a><br>Apresenta\u00e7\u00e3o &#8211; EURO\/Copenhagem &#8211; JUL-2024<br><a href=\"https:\/\/sbmt.iweventos.com.br\/evento\/medtrop2024\/trabalhosaprovados\/naintegra\/1752\">Apresenta\u00e7\u00e3o &#8211; MEDTROP &#8211; SET-2024 (Aplica\u00e7\u00e3o no controle de Arboviroses)<\/a><br>Apresenta\u00e7\u00e3o &#8211; Eng Transportes\/USP &#8211; SET-2024<br><a href=\"https:\/\/proceedings.science\/sbpo\/sbpo-2024\/papers\/the-twin-rural-postman-problem?lang=en\">Artigo T\u00e9cnico &#8211; SBPO\/Fortaleza-CE &#8211; NOV\/2024<\/a><br><a href=\"https:\/\/link.springer.com\/chapter\/10.1007\/978-3-031-78262-6_11\">Cap\u00edtulo de Livro &#8211; Springer &#8211; Set-2024<\/a><br><a href=\"http:\/\/www.graphvs.com.br\/wp-content\/uploads\/2026\/01\/WARP_2025.mp4\">Apresenta\u00e7\u00e3o WARP5 &#8211; Viena\/Austria &#8211; Mai\/2025<\/a><br>Apresenta\u00e7\u00e3o ISEP &#8211; Cidade do Porto\/PT &#8211; Mai\/2025<br>Artigo T\u00e9cnico (Twin Postman Problem) submetido a NETWORKS &#8211; Ago\/2025<br><a href=\"http:\/\/www.graphvs.com.br\/wp-content\/uploads\/2026\/01\/ANPET_2025.mp4\">Apresenta\u00e7\u00e3o &#8211; ANPET\/Goiania-GO &#8211; NOV\/2025<\/a><br><a href=\"http:\/\/www.graphvs.com.br\/wp-content\/uploads\/2026\/01\/CherryTrackLix_Municipe_Midia_JAN2026.mov\">Lan\u00e7amento do CherryTrack LIX &#8211; Mun\u00edcipe (2026)<\/a><br>Apresenta\u00e7\u00e3o Geral da Ferramenta Finalizada <strong>POGLI-SisRot\u00aeLIX<\/strong><\/p>\n\n\n\n<p><strong>Equipe de Desenvolvimento do Projeto<\/strong><\/p>\n\n\n\n<p><strong>Pesquisadores-Analistas-Desenvolvedores<\/strong><br>Augusto Wagner de Castro Palhano, MSc<br>Gerson Alves de Castro, MBA<br>Eduardo Reis, MBA <br>Pablo Luis F. Batista, MSc<\/p>\n\n\n\n<p><strong>Analistas, Desenvolvedores, Suporte e Engenheiro Ambiental<\/strong><br>Ivo Albuquerque, BSc<br>Luiz Prudencio Bondi de Souza, BSc<br>Leonardo Neves, BSc <br>Aviemar Reis, MBA<br><br><strong>Suporte T\u00e9cnico<\/strong> &#8211; Bolsistas ITC-A<br>Tiago Machado<br>Marcelo Yan<br>Lucas Emanuel<br>Diego Foeppel<br>Gabriel Brasil<br>Isabella Kiara<br>Jo\u00e3o Pedro Cavalcante<br>Andr\u00e9 Breves<br>Estephany Alves<br>Ant\u00f4nio Em\u00edlio Grilhon<\/p>\n","protected":false},"excerpt":{"rendered":"<p>Trata-se de um grande projeto que foi financiado pelo CNPq, edital CNPq\/FNDCT\/MCTI 15\/2022 &#8211; Faixa C, 407652\/2022-1, cujo objetivo foi de promover a tecnologia POGLI-SisRot\u00aeLIX para permitir o planejamento otimizado da coleta de Res\u00edduos S\u00f3lidos Urbanos e o acompanhamento sistem\u00e1tico dos planos em campo atrav\u00e9s de tecnologia m\u00f3vel e web por todos os atores do [&hellip;]<\/p>\n","protected":false},"author":5,"featured_media":0,"parent":0,"menu_order":0,"comment_status":"closed","ping_status":"closed","template":"","meta":{"footnotes":""},"class_list":["post-1283","page","type-page","status-publish","hentry"],"_links":{"self":[{"href":"http:\/\/www.graphvs.com.br\/index.php?rest_route=\/wp\/v2\/pages\/1283","targetHints":{"allow":["GET"]}}],"collection":[{"href":"http:\/\/www.graphvs.com.br\/index.php?rest_route=\/wp\/v2\/pages"}],"about":[{"href":"http:\/\/www.graphvs.com.br\/index.php?rest_route=\/wp\/v2\/types\/page"}],"author":[{"embeddable":true,"href":"http:\/\/www.graphvs.com.br\/index.php?rest_route=\/wp\/v2\/users\/5"}],"replies":[{"embeddable":true,"href":"http:\/\/www.graphvs.com.br\/index.php?rest_route=%2Fwp%2Fv2%2Fcomments&post=1283"}],"version-history":[{"count":29,"href":"http:\/\/www.graphvs.com.br\/index.php?rest_route=\/wp\/v2\/pages\/1283\/revisions"}],"predecessor-version":[{"id":1464,"href":"http:\/\/www.graphvs.com.br\/index.php?rest_route=\/wp\/v2\/pages\/1283\/revisions\/1464"}],"wp:attachment":[{"href":"http:\/\/www.graphvs.com.br\/index.php?rest_route=%2Fwp%2Fv2%2Fmedia&parent=1283"}],"curies":[{"name":"wp","href":"https:\/\/api.w.org\/{rel}","templated":true}]}}